{"id":96,"date":"2022-01-10T14:06:34","date_gmt":"2022-01-10T14:06:34","guid":{"rendered":"http:\/\/infoplusz.hu\/?page_id=96"},"modified":"2025-07-08T09:11:05","modified_gmt":"2025-07-08T09:11:05","slug":"rolunk-2","status":"publish","type":"page","link":"http:\/\/infoplusz.hu\/?page_id=96","title":{"rendered":""},"content":{"rendered":"<p><style>\/*! elementor - v3.5.3 - 28-12-2021 *\/<br \/>\n.elementor-widget-image{text-align:center}.elementor-widget-image a{display:inline-block}.elementor-widget-image a img[src$=\".svg\"]{width:48px}.elementor-widget-image img{vertical-align:middle;display:inline-block}<\/style>\n<\/p>\n<p><img loading=\"lazy\" src=\"http:\/\/infoplusz.hu\/wp-content\/uploads\/2022\/01\/infoplusz-hu-rolunk-2021.png\" sizes=\"(max-width: 800px) 100vw, 800px\" srcset=\"http:\/\/infoplusz.hu\/wp-content\/uploads\/2022\/01\/infoplusz-hu-rolunk-2021.png 800w, http:\/\/infoplusz.hu\/wp-content\/uploads\/2022\/01\/infoplusz-hu-rolunk-2021-300x300.png 300w, http:\/\/infoplusz.hu\/wp-content\/uploads\/2022\/01\/infoplusz-hu-rolunk-2021-150x150.png 150w, http:\/\/infoplusz.hu\/wp-content\/uploads\/2022\/01\/infoplusz-hu-rolunk-2021-768x768.png 768w, http:\/\/infoplusz.hu\/wp-content\/uploads\/2022\/01\/infoplusz-hu-rolunk-2021-230x230.png 230w, http:\/\/infoplusz.hu\/wp-content\/uploads\/2022\/01\/infoplusz-hu-rolunk-2021-350x350.png 350w, http:\/\/infoplusz.hu\/wp-content\/uploads\/2022\/01\/infoplusz-hu-rolunk-2021-480x480.png 480w\" alt=\"\" width=\"800\" height=\"800\"><br><img loading=\"lazy\" class=\"alignnone wp-image-271 size-full\" src=\"http:\/\/infoplusz.hu\/wp-content\/uploads\/2025\/05\/infoplusz-hu-rolunk2-2025.png\" alt=\"\" width=\"800\" height=\"800\" srcset=\"http:\/\/infoplusz.hu\/wp-content\/uploads\/2025\/05\/infoplusz-hu-rolunk2-2025.png 800w, http:\/\/infoplusz.hu\/wp-content\/uploads\/2025\/05\/infoplusz-hu-rolunk2-2025-300x300.png 300w, http:\/\/infoplusz.hu\/wp-content\/uploads\/2025\/05\/infoplusz-hu-rolunk2-2025-150x150.png 150w, http:\/\/infoplusz.hu\/wp-content\/uploads\/2025\/05\/infoplusz-hu-rolunk2-2025-768x768.png 768w, http:\/\/infoplusz.hu\/wp-content\/uploads\/2025\/05\/infoplusz-hu-rolunk2-2025-230x230.png 230w, http:\/\/infoplusz.hu\/wp-content\/uploads\/2025\/05\/infoplusz-hu-rolunk2-2025-350x350.png 350w, http:\/\/infoplusz.hu\/wp-content\/uploads\/2025\/05\/infoplusz-hu-rolunk2-2025-480x480.png 480w\" sizes=\"(max-width: 800px) 100vw, 800px\" \/><br><a role=\"button\" href=\"http:\/\/infoplusz.hu\/wp-content\/uploads\/2022\/02\/Gyarmati-Media-Nonprofit-Kft-panaszkezelesi-szabalyzat.pdf\" target=\"_blank\" rel=\"noopener\"><br>Gyarmati M\u00e9dia Nonprofit Kft panaszkezel\u00e9si szab\u00e1lyzat<br><\/a><br><a role=\"button\" href=\"http:\/\/infoplusz.hu\/wp-content\/uploads\/2022\/02\/Gyarmati-Media-Nonprofit-Kft-munkaltatoi-visszaeles_bejelentesi-rendszer-szabalyzat.pdf\" target=\"_blank\" rel=\"noopener\"><br>Gyarmati M\u00e9dia Nonprofit Kft munk\u00e1ltat\u00f3i vissza\u00e9l\u00e9s bejelent\u00e9si rendszer szab\u00e1lyzat<br><\/a><br><a role=\"button\" href=\"http:\/\/infoplusz.hu\/wp-content\/uploads\/2022\/02\/Gyarmati-Media-Nonprofit-Kft-belso-kontrollrendszer-szabalyzat_1.pdf\" target=\"_blank\" rel=\"noopener\"><br>Gyarmati M\u00e9dia Nonprofit Kft bels\u0151 kontrollrendszer szab\u00e1lyzat 1<br><\/a><br><a role=\"button\" href=\"http:\/\/infoplusz.hu\/wp-content\/uploads\/2022\/02\/Gyarmati-Media-Nonprofit-Kft-belso-kontrollrendszer-szabalyzat_2.pdf\" target=\"_blank\" rel=\"noopener\" data-wplink-edit=\"true\"><br>Gyarmati M\u00e9dia Nonprofit Kft bels\u0151 kontrollrendszer szab\u00e1lyzat 2<br><\/a><\/p>\n\n\n<p><a href=\"http:\/\/infoplusz.hu\/wp-content\/uploads\/2025\/05\/2023.-evi-beszamolo.pdf\">Gyarmati M\u00e9dia Nonprofit Kft 2023. \u00e9vi besz\u00e1mol\u00f3<\/a><\/p>\n\n\n\n<p><a href=\"http:\/\/infoplusz.hu\/wp-content\/uploads\/2025\/07\/Gyarmati_Media_egyseges_beszamolo.pdf\">Gyarmati M\u00e9dia Nonprofit Kft 2024. \u00e9vi besz\u00e1mol\u00f3<\/a><\/p>\n","protected":false},"excerpt":{"rendered":"<p>Gyarmati M\u00e9dia Nonprofit Kft panaszkezel\u00e9si szab\u00e1lyzatGyarmati M\u00e9dia Nonprofit Kft munk\u00e1ltat\u00f3i vissza\u00e9l\u00e9s bejelent\u00e9si [&hellip;]<\/p>\n","protected":false},"author":1,"featured_media":0,"parent":0,"menu_order":0,"comment_status":"closed","ping_status":"closed","template":"elementor_canvas","meta":[],"_links":{"self":[{"href":"http:\/\/infoplusz.hu\/index.php?rest_route=\/wp\/v2\/pages\/96"}],"collection":[{"href":"http:\/\/infoplusz.hu\/index.php?rest_route=\/wp\/v2\/pages"}],"about":[{"href":"http:\/\/infoplusz.hu\/index.php?rest_route=\/wp\/v2\/types\/page"}],"author":[{"embeddable":true,"href":"http:\/\/infoplusz.hu\/index.php?rest_route=\/wp\/v2\/users\/1"}],"replies":[{"embeddable":true,"href":"http:\/\/infoplusz.hu\/index.php?rest_route=%2Fwp%2Fv2%2Fcomments&post=96"}],"version-history":[{"count":43,"href":"http:\/\/infoplusz.hu\/index.php?rest_route=\/wp\/v2\/pages\/96\/revisions"}],"predecessor-version":[{"id":279,"href":"http:\/\/infoplusz.hu\/index.php?rest_route=\/wp\/v2\/pages\/96\/revisions\/279"}],"wp:attachment":[{"href":"http:\/\/infoplusz.hu\/index.php?rest_route=%2Fwp%2Fv2%2Fmedia&parent=96"}],"curies":[{"name":"wp","href":"https:\/\/api.w.org\/{rel}","templated":true}]}}