{"id":146,"date":"2022-01-10T14:55:16","date_gmt":"2022-01-10T14:55:16","guid":{"rendered":"http:\/\/infoplusz.hu\/?page_id=146"},"modified":"2022-01-10T15:10:38","modified_gmt":"2022-01-10T15:10:38","slug":"tv-musorok","status":"publish","type":"page","link":"http:\/\/infoplusz.hu\/?page_id=146","title":{"rendered":"tv m\u0171sorok"},"content":{"rendered":"\t\t<div data-elementor-type=\"wp-page\" data-elementor-id=\"146\" class=\"elementor elementor-146\" data-elementor-settings=\"[]\">\n\t\t\t\t\t\t\t<div class=\"elementor-section-wrap\">\n\t\t\t\t\t\t\t<section class=\"elementor-section elementor-top-section elementor-element elementor-element-6ce4c34 elementor-section-boxed elementor-section-height-default elementor-section-height-default\" data-id=\"6ce4c34\" data-element_type=\"section\">\n\t\t\t\t\t\t<div class=\"elementor-container elementor-column-gap-default\">\n\t\t\t\t\t<div class=\"elementor-column elementor-col-100 elementor-top-column elementor-element elementor-element-45bdf74\" data-id=\"45bdf74\" data-element_type=\"column\">\n\t\t\t<div class=\"elementor-widget-wrap elementor-element-populated\">\n\t\t\t\t\t\t\t\t<div class=\"elementor-element elementor-element-c4d3bc3 elementor-widget elementor-widget-spacer\" data-id=\"c4d3bc3\" data-element_type=\"widget\" data-widget_type=\"spacer.default\">\n\t\t\t\t<div class=\"elementor-widget-container\">\n\t\t\t\t\t<div class=\"elementor-spacer\">\n\t\t\t<div class=\"elementor-spacer-inner\"><\/div>\n\t\t<\/div>\n\t\t\t\t<\/div>\n\t\t\t\t<\/div>\n\t\t\t\t\t<\/div>\n\t\t<\/div>\n\t\t\t\t\t\t\t<\/div>\n\t\t<\/section>\n\t\t\t\t<section class=\"elementor-section elementor-top-section elementor-element elementor-element-5fe057b elementor-section-boxed elementor-section-height-default elementor-section-height-default\" data-id=\"5fe057b\" data-element_type=\"section\">\n\t\t\t\t\t\t<div class=\"elementor-container elementor-column-gap-default\">\n\t\t\t\t\t<div class=\"elementor-column elementor-col-50 elementor-top-column elementor-element elementor-element-20e95e1\" data-id=\"20e95e1\" data-element_type=\"column\">\n\t\t\t<div class=\"elementor-widget-wrap elementor-element-populated\">\n\t\t\t\t\t\t\t\t<div class=\"elementor-element elementor-element-e0b08e3 elementor-widget elementor-widget-text-editor\" data-id=\"e0b08e3\" data-element_type=\"widget\" data-widget_type=\"text-editor.default\">\n\t\t\t\t<div class=\"elementor-widget-container\">\n\t\t\t<style>\/*! elementor - v3.5.3 - 28-12-2021 *\/\n.elementor-widget-text-editor.elementor-drop-cap-view-stacked .elementor-drop-cap{background-color:#818a91;color:#fff}.elementor-widget-text-editor.elementor-drop-cap-view-framed .elementor-drop-cap{color:#818a91;border:3px solid;background-color:transparent}.elementor-widget-text-editor:not(.elementor-drop-cap-view-default) .elementor-drop-cap{margin-top:8px}.elementor-widget-text-editor:not(.elementor-drop-cap-view-default) .elementor-drop-cap-letter{width:1em;height:1em}.elementor-widget-text-editor .elementor-drop-cap{float:left;text-align:center;line-height:1;font-size:50px}.elementor-widget-text-editor .elementor-drop-cap-letter{display:inline-block}<\/style>\t\t\t\t<p><b>Aktu\u00e1lis<\/b><\/p>\n<p>A h\u00edrek h\u00e1tter\u00e9ben l\u00e9v\u0151 \u00f6sszef\u00fcgg\u00e9seket, a napjainkat meghat\u00e1roz\u00f3 t\u00e9m\u00e1kat mutatjuk meg h\u00e9tr\u0151l h\u00e9tre<br>egy-egy&nbsp;vend\u00e9g\u00fcnkkel.<\/p>\t\t\t\t\t\t<\/div>\n\t\t\t\t<\/div>\n\t\t\t\t\t<\/div>\n\t\t<\/div>\n\t\t\t\t<div class=\"elementor-column elementor-col-50 elementor-top-column elementor-element elementor-element-abcad88\" data-id=\"abcad88\" data-element_type=\"column\">\n\t\t\t<div class=\"elementor-widget-wrap elementor-element-populated\">\n\t\t\t\t\t\t\t\t<div class=\"elementor-element elementor-element-8394d9c elementor-widget elementor-widget-image\" data-id=\"8394d9c\" data-element_type=\"widget\" data-widget_type=\"image.default\">\n\t\t\t\t<div class=\"elementor-widget-container\">\n\t\t\t<style>\/*! elementor - v3.5.3 - 28-12-2021 *\/\n.elementor-widget-image{text-align:center}.elementor-widget-image a{display:inline-block}.elementor-widget-image a img[src$=\".svg\"]{width:48px}.elementor-widget-image img{vertical-align:middle;display:inline-block}<\/style>\t\t\t\t\t\t\t\t\t\t\t\t<img width=\"150\" height=\"150\" src=\"http:\/\/infoplusz.hu\/wp-content\/uploads\/2022\/01\/tvmusorok_aktualis-150x150.jpg\" class=\"attachment-thumbnail size-thumbnail\" alt=\"\" loading=\"lazy\" srcset=\"http:\/\/infoplusz.hu\/wp-content\/uploads\/2022\/01\/tvmusorok_aktualis-150x150.jpg 150w, http:\/\/infoplusz.hu\/wp-content\/uploads\/2022\/01\/tvmusorok_aktualis-230x230.jpg 230w, http:\/\/infoplusz.hu\/wp-content\/uploads\/2022\/01\/tvmusorok_aktualis.jpg 300w\" sizes=\"(max-width: 150px) 100vw, 150px\" \/>\t\t\t\t\t\t\t\t\t\t\t\t\t\t\t<\/div>\n\t\t\t\t<\/div>\n\t\t\t\t\t<\/div>\n\t\t<\/div>\n\t\t\t\t\t\t\t<\/div>\n\t\t<\/section>\n\t\t\t\t<section class=\"elementor-section elementor-top-section elementor-element elementor-element-b3ec8dc elementor-section-boxed elementor-section-height-default elementor-section-height-default\" data-id=\"b3ec8dc\" data-element_type=\"section\">\n\t\t\t\t\t\t<div class=\"elementor-container elementor-column-gap-default\">\n\t\t\t\t\t<div class=\"elementor-column elementor-col-50 elementor-top-column elementor-element elementor-element-8f5fd29\" data-id=\"8f5fd29\" data-element_type=\"column\">\n\t\t\t<div class=\"elementor-widget-wrap elementor-element-populated\">\n\t\t\t\t\t\t\t\t<div class=\"elementor-element elementor-element-c2e419c elementor-widget elementor-widget-text-editor\" data-id=\"c2e419c\" data-element_type=\"widget\" data-widget_type=\"text-editor.default\">\n\t\t\t\t<div class=\"elementor-widget-container\">\n\t\t\t\t\t\t\t<p><b>2660<\/b><\/p>\n<p>Helyi&nbsp;h\u00edr\u00f6sszefoglal\u00f3.<\/p>\t\t\t\t\t\t<\/div>\n\t\t\t\t<\/div>\n\t\t\t\t\t<\/div>\n\t\t<\/div>\n\t\t\t\t<div class=\"elementor-column elementor-col-50 elementor-top-column elementor-element elementor-element-f464652\" data-id=\"f464652\" data-element_type=\"column\">\n\t\t\t<div class=\"elementor-widget-wrap elementor-element-populated\">\n\t\t\t\t\t\t\t\t<div class=\"elementor-element elementor-element-6601b8d elementor-widget elementor-widget-image\" data-id=\"6601b8d\" data-element_type=\"widget\" data-widget_type=\"image.default\">\n\t\t\t\t<div class=\"elementor-widget-container\">\n\t\t\t\t\t\t\t\t\t\t\t\t\t\t\t<img width=\"150\" height=\"150\" src=\"http:\/\/infoplusz.hu\/wp-content\/uploads\/2022\/01\/tvmusorok_2660-150x150.jpg\" class=\"attachment-thumbnail size-thumbnail\" alt=\"\" loading=\"lazy\" srcset=\"http:\/\/infoplusz.hu\/wp-content\/uploads\/2022\/01\/tvmusorok_2660-150x150.jpg 150w, http:\/\/infoplusz.hu\/wp-content\/uploads\/2022\/01\/tvmusorok_2660-230x230.jpg 230w, http:\/\/infoplusz.hu\/wp-content\/uploads\/2022\/01\/tvmusorok_2660.jpg 300w\" sizes=\"(max-width: 150px) 100vw, 150px\" \/>\t\t\t\t\t\t\t\t\t\t\t\t\t\t\t<\/div>\n\t\t\t\t<\/div>\n\t\t\t\t\t<\/div>\n\t\t<\/div>\n\t\t\t\t\t\t\t<\/div>\n\t\t<\/section>\n\t\t\t\t<section class=\"elementor-section elementor-top-section elementor-element elementor-element-4ca85ea elementor-section-boxed elementor-section-height-default elementor-section-height-default\" data-id=\"4ca85ea\" data-element_type=\"section\">\n\t\t\t\t\t\t<div class=\"elementor-container elementor-column-gap-default\">\n\t\t\t\t\t<div class=\"elementor-column elementor-col-50 elementor-top-column elementor-element elementor-element-283bdef\" data-id=\"283bdef\" data-element_type=\"column\">\n\t\t\t<div class=\"elementor-widget-wrap elementor-element-populated\">\n\t\t\t\t\t\t\t\t<div class=\"elementor-element elementor-element-5996598 elementor-widget elementor-widget-text-editor\" data-id=\"5996598\" data-element_type=\"widget\" data-widget_type=\"text-editor.default\">\n\t\t\t\t<div class=\"elementor-widget-container\">\n\t\t\t\t\t\t\t<p><b>Taxi<\/b><\/p>\n<p>N\u00e1lunk&nbsp;csak&nbsp;egy&nbsp;r\u00f6vid&nbsp;besz\u00e9lget\u00e9s&nbsp;az&nbsp;\u00e1ra&nbsp;egy&nbsp;utaz\u00e1snak.<br>Meg\u00e9ri&nbsp;besz\u00e1llni!<\/p>\t\t\t\t\t\t<\/div>\n\t\t\t\t<\/div>\n\t\t\t\t\t<\/div>\n\t\t<\/div>\n\t\t\t\t<div class=\"elementor-column elementor-col-50 elementor-top-column elementor-element elementor-element-51fa94f\" data-id=\"51fa94f\" data-element_type=\"column\">\n\t\t\t<div class=\"elementor-widget-wrap elementor-element-populated\">\n\t\t\t\t\t\t\t\t<div class=\"elementor-element elementor-element-a367aec elementor-widget elementor-widget-image\" data-id=\"a367aec\" data-element_type=\"widget\" data-widget_type=\"image.default\">\n\t\t\t\t<div class=\"elementor-widget-container\">\n\t\t\t\t\t\t\t\t\t\t\t\t\t\t\t<img width=\"150\" height=\"150\" src=\"http:\/\/infoplusz.hu\/wp-content\/uploads\/2022\/01\/tvmusorok_taxi-150x150.jpg\" class=\"attachment-thumbnail size-thumbnail\" alt=\"\" loading=\"lazy\" srcset=\"http:\/\/infoplusz.hu\/wp-content\/uploads\/2022\/01\/tvmusorok_taxi-150x150.jpg 150w, http:\/\/infoplusz.hu\/wp-content\/uploads\/2022\/01\/tvmusorok_taxi-230x230.jpg 230w, http:\/\/infoplusz.hu\/wp-content\/uploads\/2022\/01\/tvmusorok_taxi.jpg 300w\" sizes=\"(max-width: 150px) 100vw, 150px\" \/>\t\t\t\t\t\t\t\t\t\t\t\t\t\t\t<\/div>\n\t\t\t\t<\/div>\n\t\t\t\t\t<\/div>\n\t\t<\/div>\n\t\t\t\t\t\t\t<\/div>\n\t\t<\/section>\n\t\t\t\t<section class=\"elementor-section elementor-top-section elementor-element elementor-element-55802d1 elementor-section-boxed elementor-section-height-default elementor-section-height-default\" data-id=\"55802d1\" data-element_type=\"section\">\n\t\t\t\t\t\t<div class=\"elementor-container elementor-column-gap-default\">\n\t\t\t\t\t<div class=\"elementor-column elementor-col-50 elementor-top-column elementor-element elementor-element-d2f09bb\" data-id=\"d2f09bb\" data-element_type=\"column\">\n\t\t\t<div class=\"elementor-widget-wrap elementor-element-populated\">\n\t\t\t\t\t\t\t\t<div class=\"elementor-element elementor-element-c0153be elementor-widget elementor-widget-text-editor\" data-id=\"c0153be\" data-element_type=\"widget\" data-widget_type=\"text-editor.default\">\n\t\t\t\t<div class=\"elementor-widget-container\">\n\t\t\t\t\t\t\t<p><b>Gyarmatiak<\/b><\/p><p>A v\u00e1rosi telev\u00edzi\u00f3 &#8217;90-es \u00e9vekben indult portr\u00e9sorozata folytat\u00f3dik!<br \/>Horv\u00e1th\u00a0Zita\u00a0riporter\u00a0a\u00a0v\u00e1ros\u00a0elismert\u00a0lak\u00f3ival\u00a0besz\u00e9lget\u00a0\u00e9let\u00fckr\u0151l.<\/p>\t\t\t\t\t\t<\/div>\n\t\t\t\t<\/div>\n\t\t\t\t\t<\/div>\n\t\t<\/div>\n\t\t\t\t<div class=\"elementor-column elementor-col-50 elementor-top-column elementor-element elementor-element-8fc57d9\" data-id=\"8fc57d9\" data-element_type=\"column\">\n\t\t\t<div class=\"elementor-widget-wrap elementor-element-populated\">\n\t\t\t\t\t\t\t\t<div class=\"elementor-element elementor-element-08f2d2b elementor-widget elementor-widget-image\" data-id=\"08f2d2b\" data-element_type=\"widget\" data-widget_type=\"image.default\">\n\t\t\t\t<div class=\"elementor-widget-container\">\n\t\t\t\t\t\t\t\t\t\t\t\t\t\t\t<img width=\"150\" height=\"150\" src=\"http:\/\/infoplusz.hu\/wp-content\/uploads\/2022\/01\/tvmusorok_gyarmatiak-150x150.jpg\" class=\"attachment-thumbnail size-thumbnail\" alt=\"\" loading=\"lazy\" srcset=\"http:\/\/infoplusz.hu\/wp-content\/uploads\/2022\/01\/tvmusorok_gyarmatiak-150x150.jpg 150w, http:\/\/infoplusz.hu\/wp-content\/uploads\/2022\/01\/tvmusorok_gyarmatiak-230x230.jpg 230w, http:\/\/infoplusz.hu\/wp-content\/uploads\/2022\/01\/tvmusorok_gyarmatiak.jpg 300w\" sizes=\"(max-width: 150px) 100vw, 150px\" \/>\t\t\t\t\t\t\t\t\t\t\t\t\t\t\t<\/div>\n\t\t\t\t<\/div>\n\t\t\t\t\t<\/div>\n\t\t<\/div>\n\t\t\t\t\t\t\t<\/div>\n\t\t<\/section>\n\t\t\t\t<section class=\"elementor-section elementor-top-section elementor-element elementor-element-45d9c36 elementor-section-boxed elementor-section-height-default elementor-section-height-default\" data-id=\"45d9c36\" data-element_type=\"section\">\n\t\t\t\t\t\t<div class=\"elementor-container elementor-column-gap-default\">\n\t\t\t\t\t<div class=\"elementor-column elementor-col-50 elementor-top-column elementor-element elementor-element-db13695\" data-id=\"db13695\" data-element_type=\"column\">\n\t\t\t<div class=\"elementor-widget-wrap elementor-element-populated\">\n\t\t\t\t\t\t\t\t<div class=\"elementor-element elementor-element-1396b8f elementor-widget elementor-widget-text-editor\" data-id=\"1396b8f\" data-element_type=\"widget\" data-widget_type=\"text-editor.default\">\n\t\t\t\t<div class=\"elementor-widget-container\">\n\t\t\t\t\t\t\t<p><b>Szab\u00f3&nbsp;Endre&nbsp;Arch\u00edvuma<\/b><\/p>\n<p>J\u00f3l ismert egykori koll\u00e9g\u00e1nk, Szab\u00f3 Endre nem egyszer\u0171en telev\u00edzi\u00f3s volt,<br>hanem&nbsp;a&nbsp;v\u00e1ros&nbsp;polihisztora.&nbsp;Ahol&nbsp;megjelent,&nbsp;ott&nbsp;h\u00e1bor\u00fab\u00f3l&nbsp;b\u00e9ke&nbsp;lett,<br>\u00e9s&nbsp;mindenki&nbsp;megny\u00edlt&nbsp;kamer\u00e1ja&nbsp;\u00e9s&nbsp;mikrofonja&nbsp;el\u0151tt.<\/p>\t\t\t\t\t\t<\/div>\n\t\t\t\t<\/div>\n\t\t\t\t\t<\/div>\n\t\t<\/div>\n\t\t\t\t<div class=\"elementor-column elementor-col-50 elementor-top-column elementor-element elementor-element-d98f5fb\" data-id=\"d98f5fb\" data-element_type=\"column\">\n\t\t\t<div class=\"elementor-widget-wrap elementor-element-populated\">\n\t\t\t\t\t\t\t\t<div class=\"elementor-element elementor-element-df45a2e elementor-widget elementor-widget-image\" data-id=\"df45a2e\" data-element_type=\"widget\" data-widget_type=\"image.default\">\n\t\t\t\t<div class=\"elementor-widget-container\">\n\t\t\t\t\t\t\t\t\t\t\t\t\t\t\t<img width=\"150\" height=\"150\" src=\"http:\/\/infoplusz.hu\/wp-content\/uploads\/2022\/01\/tvmusorok_szea-150x150.jpg\" class=\"attachment-thumbnail size-thumbnail\" alt=\"\" loading=\"lazy\" srcset=\"http:\/\/infoplusz.hu\/wp-content\/uploads\/2022\/01\/tvmusorok_szea-150x150.jpg 150w, http:\/\/infoplusz.hu\/wp-content\/uploads\/2022\/01\/tvmusorok_szea-230x230.jpg 230w, http:\/\/infoplusz.hu\/wp-content\/uploads\/2022\/01\/tvmusorok_szea.jpg 300w\" sizes=\"(max-width: 150px) 100vw, 150px\" \/>\t\t\t\t\t\t\t\t\t\t\t\t\t\t\t<\/div>\n\t\t\t\t<\/div>\n\t\t\t\t\t<\/div>\n\t\t<\/div>\n\t\t\t\t\t\t\t<\/div>\n\t\t<\/section>\n\t\t\t\t<section class=\"elementor-section elementor-top-section elementor-element elementor-element-4dec597 elementor-section-boxed elementor-section-height-default elementor-section-height-default\" data-id=\"4dec597\" data-element_type=\"section\">\n\t\t\t\t\t\t<div class=\"elementor-container elementor-column-gap-default\">\n\t\t\t\t\t<div class=\"elementor-column elementor-col-50 elementor-top-column elementor-element elementor-element-c0dfeea\" data-id=\"c0dfeea\" data-element_type=\"column\">\n\t\t\t<div class=\"elementor-widget-wrap elementor-element-populated\">\n\t\t\t\t\t\t\t\t<div class=\"elementor-element elementor-element-5237bbd elementor-widget elementor-widget-text-editor\" data-id=\"5237bbd\" data-element_type=\"widget\" data-widget_type=\"text-editor.default\">\n\t\t\t\t<div class=\"elementor-widget-container\">\n\t\t\t\t\t\t\t<p><b>Balassagyarmati&nbsp;Kr\u00f3nika<\/b><\/p>\n<p>Nem csak m\u0171sor k\u00e9sz\u00fcl egy-egy esem\u00e9nyb\u0151l, hanem fontos dokumentumm\u00e1 v\u00e1lik az id\u0151k sor\u00e1n.<br>A Balassagyarmati Kr\u00f3nika meg\u0151rzi a j\u00f6v\u0151 sz\u00e1m\u00e1ra a v\u00e1ros kiemelt t\u00f6rt\u00e9n\u00e9seit.<\/p>\t\t\t\t\t\t<\/div>\n\t\t\t\t<\/div>\n\t\t\t\t\t<\/div>\n\t\t<\/div>\n\t\t\t\t<div class=\"elementor-column elementor-col-50 elementor-top-column elementor-element elementor-element-3670e2d\" data-id=\"3670e2d\" data-element_type=\"column\">\n\t\t\t<div class=\"elementor-widget-wrap elementor-element-populated\">\n\t\t\t\t\t\t\t\t<div class=\"elementor-element elementor-element-208097e elementor-widget elementor-widget-image\" data-id=\"208097e\" data-element_type=\"widget\" data-widget_type=\"image.default\">\n\t\t\t\t<div class=\"elementor-widget-container\">\n\t\t\t\t\t\t\t\t\t\t\t\t\t\t\t<img width=\"150\" height=\"150\" src=\"http:\/\/infoplusz.hu\/wp-content\/uploads\/2022\/01\/tvmusorok_kronika-150x150.jpg\" class=\"attachment-thumbnail size-thumbnail\" alt=\"\" loading=\"lazy\" srcset=\"http:\/\/infoplusz.hu\/wp-content\/uploads\/2022\/01\/tvmusorok_kronika-150x150.jpg 150w, http:\/\/infoplusz.hu\/wp-content\/uploads\/2022\/01\/tvmusorok_kronika-230x230.jpg 230w, http:\/\/infoplusz.hu\/wp-content\/uploads\/2022\/01\/tvmusorok_kronika.jpg 300w\" sizes=\"(max-width: 150px) 100vw, 150px\" \/>\t\t\t\t\t\t\t\t\t\t\t\t\t\t\t<\/div>\n\t\t\t\t<\/div>\n\t\t\t\t\t<\/div>\n\t\t<\/div>\n\t\t\t\t\t\t\t<\/div>\n\t\t<\/section>\n\t\t\t\t\t\t<\/div>\n\t\t\t\t\t<\/div>\n\t\t","protected":false},"excerpt":{"rendered":"<p>Aktu\u00e1lis A h\u00edrek h\u00e1tter\u00e9ben l\u00e9v\u0151 \u00f6sszef\u00fcgg\u00e9seket, a napjainkat meghat\u00e1roz\u00f3 t\u00e9m\u00e1kat mutatjuk meg [&hellip;]<\/p>\n","protected":false},"author":1,"featured_media":0,"parent":0,"menu_order":0,"comment_status":"closed","ping_status":"closed","template":"elementor_canvas","meta":[],"_links":{"self":[{"href":"http:\/\/infoplusz.hu\/index.php?rest_route=\/wp\/v2\/pages\/146"}],"collection":[{"href":"http:\/\/infoplusz.hu\/index.php?rest_route=\/wp\/v2\/pages"}],"about":[{"href":"http:\/\/infoplusz.hu\/index.php?rest_route=\/wp\/v2\/types\/page"}],"author":[{"embeddable":true,"href":"http:\/\/infoplusz.hu\/index.php?rest_route=\/wp\/v2\/users\/1"}],"replies":[{"embeddable":true,"href":"http:\/\/infoplusz.hu\/index.php?rest_route=%2Fwp%2Fv2%2Fcomments&post=146"}],"version-history":[{"count":8,"href":"http:\/\/infoplusz.hu\/index.php?rest_route=\/wp\/v2\/pages\/146\/revisions"}],"predecessor-version":[{"id":160,"href":"http:\/\/infoplusz.hu\/index.php?rest_route=\/wp\/v2\/pages\/146\/revisions\/160"}],"wp:attachment":[{"href":"http:\/\/infoplusz.hu\/index.php?rest_route=%2Fwp%2Fv2%2Fmedia&parent=146"}],"curies":[{"name":"wp","href":"https:\/\/api.w.org\/{rel}","templated":true}]}}